{"id":771,"date":"2025-05-19T17:52:56","date_gmt":"2025-05-19T15:52:56","guid":{"rendered":"https:\/\/cepice2m.cz\/?post_type=product&#038;p=771"},"modified":"2025-05-19T17:52:56","modified_gmt":"2025-05-19T15:52:56","slug":"celenka-khakihory","status":"publish","type":"product","link":"https:\/\/cepice2m.cz\/index.php\/produkt\/celenka-khakihory\/","title":{"rendered":"\u010celenka khaki+hory"},"content":{"rendered":"<p>Materi\u00e1l 80% akryl+20% vlna, pod\u0161it\u00e9 fleecem<\/p>\n","protected":false},"excerpt":{"rendered":"<p>Materi\u00e1l 80% akryl+20% vlna, pod\u0161it\u00e9 fleecem<\/p>\n","protected":false},"featured_media":774,"template":"","meta":[],"product_brand":[],"product_cat":[56],"product_tag":[],"class_list":{"0":"post-771","1":"product","2":"type-product","3":"status-publish","4":"has-post-thumbnail","6":"product_cat-celenky-zima","8":"first","9":"instock","10":"shipping-taxable","11":"purchasable","12":"product-type-simple"},"jetpack_sharing_enabled":true,"_links":{"self":[{"href":"https:\/\/cepice2m.cz\/index.php\/wp-json\/wp\/v2\/product\/771","targetHints":{"allow":["GET"]}}],"collection":[{"href":"https:\/\/cepice2m.cz\/index.php\/wp-json\/wp\/v2\/product"}],"about":[{"href":"https:\/\/cepice2m.cz\/index.php\/wp-json\/wp\/v2\/types\/product"}],"wp:featuredmedia":[{"embeddable":true,"href":"https:\/\/cepice2m.cz\/index.php\/wp-json\/wp\/v2\/media\/774"}],"wp:attachment":[{"href":"https:\/\/cepice2m.cz\/index.php\/wp-json\/wp\/v2\/media?parent=771"}],"wp:term":[{"taxonomy":"product_brand","embeddable":true,"href":"https:\/\/cepice2m.cz\/index.php\/wp-json\/wp\/v2\/product_brand?post=771"},{"taxonomy":"product_cat","embeddable":true,"href":"https:\/\/cepice2m.cz\/index.php\/wp-json\/wp\/v2\/product_cat?post=771"},{"taxonomy":"product_tag","embeddable":true,"href":"https:\/\/cepice2m.cz\/index.php\/wp-json\/wp\/v2\/product_tag?post=771"}],"curies":[{"name":"wp","href":"https:\/\/api.w.org\/{rel}","templated":true}]}}