{"id":766,"date":"2025-05-19T17:40:05","date_gmt":"2025-05-19T15:40:05","guid":{"rendered":"https:\/\/cepice2m.cz\/?post_type=product&#038;p=766"},"modified":"2025-05-19T17:40:05","modified_gmt":"2025-05-19T15:40:05","slug":"tlustoska-tyrkys","status":"publish","type":"product","link":"https:\/\/cepice2m.cz\/index.php\/produkt\/tlustoska-tyrkys\/","title":{"rendered":"Tlus\u0165o\u0161ka tyrkys"},"content":{"rendered":"<p>Materi\u00e1l 100% akryl, nepod\u0161it\u00e1<\/p>\n","protected":false},"excerpt":{"rendered":"<p>Materi\u00e1l 100% akryl, nepod\u0161it\u00e1<\/p>\n","protected":false},"featured_media":767,"template":"","meta":[],"product_brand":[],"product_cat":[58],"product_tag":[],"class_list":{"0":"post-766","1":"product","2":"type-product","3":"status-publish","4":"has-post-thumbnail","6":"product_cat-tlustosky","8":"first","9":"instock","10":"shipping-taxable","11":"product-type-simple"},"jetpack_sharing_enabled":true,"_links":{"self":[{"href":"https:\/\/cepice2m.cz\/index.php\/wp-json\/wp\/v2\/product\/766","targetHints":{"allow":["GET"]}}],"collection":[{"href":"https:\/\/cepice2m.cz\/index.php\/wp-json\/wp\/v2\/product"}],"about":[{"href":"https:\/\/cepice2m.cz\/index.php\/wp-json\/wp\/v2\/types\/product"}],"wp:featuredmedia":[{"embeddable":true,"href":"https:\/\/cepice2m.cz\/index.php\/wp-json\/wp\/v2\/media\/767"}],"wp:attachment":[{"href":"https:\/\/cepice2m.cz\/index.php\/wp-json\/wp\/v2\/media?parent=766"}],"wp:term":[{"taxonomy":"product_brand","embeddable":true,"href":"https:\/\/cepice2m.cz\/index.php\/wp-json\/wp\/v2\/product_brand?post=766"},{"taxonomy":"product_cat","embeddable":true,"href":"https:\/\/cepice2m.cz\/index.php\/wp-json\/wp\/v2\/product_cat?post=766"},{"taxonomy":"product_tag","embeddable":true,"href":"https:\/\/cepice2m.cz\/index.php\/wp-json\/wp\/v2\/product_tag?post=766"}],"curies":[{"name":"wp","href":"https:\/\/api.w.org\/{rel}","templated":true}]}}