{"id":750,"date":"2025-05-19T17:16:58","date_gmt":"2025-05-19T15:16:58","guid":{"rendered":"https:\/\/cepice2m.cz\/?post_type=product&#038;p=750"},"modified":"2025-05-19T17:16:58","modified_gmt":"2025-05-19T15:16:58","slug":"kulich-khaki-hory","status":"publish","type":"product","link":"https:\/\/cepice2m.cz\/index.php\/produkt\/kulich-khaki-hory\/","title":{"rendered":"Kulich khaki + hory"},"content":{"rendered":"<p>Materi\u00e1l 80% akryl + 20% vlna, pod\u0161it\u00e9 fleecem<\/p>\n","protected":false},"excerpt":{"rendered":"<p>Materi\u00e1l 80% akryl + 20% vlna, pod\u0161it\u00e9 fleecem<\/p>\n","protected":false},"featured_media":751,"template":"","meta":[],"product_brand":[],"product_cat":[20],"product_tag":[],"class_list":{"0":"post-750","1":"product","2":"type-product","3":"status-publish","4":"has-post-thumbnail","6":"product_cat-kulichy","8":"first","9":"instock","10":"shipping-taxable","11":"purchasable","12":"product-type-simple"},"jetpack_sharing_enabled":true,"_links":{"self":[{"href":"https:\/\/cepice2m.cz\/index.php\/wp-json\/wp\/v2\/product\/750","targetHints":{"allow":["GET"]}}],"collection":[{"href":"https:\/\/cepice2m.cz\/index.php\/wp-json\/wp\/v2\/product"}],"about":[{"href":"https:\/\/cepice2m.cz\/index.php\/wp-json\/wp\/v2\/types\/product"}],"wp:featuredmedia":[{"embeddable":true,"href":"https:\/\/cepice2m.cz\/index.php\/wp-json\/wp\/v2\/media\/751"}],"wp:attachment":[{"href":"https:\/\/cepice2m.cz\/index.php\/wp-json\/wp\/v2\/media?parent=750"}],"wp:term":[{"taxonomy":"product_brand","embeddable":true,"href":"https:\/\/cepice2m.cz\/index.php\/wp-json\/wp\/v2\/product_brand?post=750"},{"taxonomy":"product_cat","embeddable":true,"href":"https:\/\/cepice2m.cz\/index.php\/wp-json\/wp\/v2\/product_cat?post=750"},{"taxonomy":"product_tag","embeddable":true,"href":"https:\/\/cepice2m.cz\/index.php\/wp-json\/wp\/v2\/product_tag?post=750"}],"curies":[{"name":"wp","href":"https:\/\/api.w.org\/{rel}","templated":true}]}}