{"id":703,"date":"2025-05-18T19:34:30","date_gmt":"2025-05-18T17:34:30","guid":{"rendered":"https:\/\/cepice2m.cz\/?post_type=product&#038;p=703"},"modified":"2025-05-18T19:34:30","modified_gmt":"2025-05-18T17:34:30","slug":"kulich-bilakhakifuchsiova","status":"publish","type":"product","link":"https:\/\/cepice2m.cz\/index.php\/produkt\/kulich-bilakhakifuchsiova\/","title":{"rendered":"Kulich b\u00edl\u00e1+khaki+fuchsiov\u00e1"},"content":{"rendered":"<p>80% akryl + 20% vlna + mikrofleece<\/p>\n","protected":false},"excerpt":{"rendered":"<p>80% akryl + 20% vlna + mikrofleece<\/p>\n","protected":false},"featured_media":697,"template":"","meta":[],"product_brand":[],"product_cat":[20],"product_tag":[],"class_list":{"0":"post-703","1":"product","2":"type-product","3":"status-publish","4":"has-post-thumbnail","6":"product_cat-kulichy","8":"first","9":"instock","10":"shipping-taxable","11":"purchasable","12":"product-type-simple"},"jetpack_sharing_enabled":true,"_links":{"self":[{"href":"https:\/\/cepice2m.cz\/index.php\/wp-json\/wp\/v2\/product\/703","targetHints":{"allow":["GET"]}}],"collection":[{"href":"https:\/\/cepice2m.cz\/index.php\/wp-json\/wp\/v2\/product"}],"about":[{"href":"https:\/\/cepice2m.cz\/index.php\/wp-json\/wp\/v2\/types\/product"}],"wp:featuredmedia":[{"embeddable":true,"href":"https:\/\/cepice2m.cz\/index.php\/wp-json\/wp\/v2\/media\/697"}],"wp:attachment":[{"href":"https:\/\/cepice2m.cz\/index.php\/wp-json\/wp\/v2\/media?parent=703"}],"wp:term":[{"taxonomy":"product_brand","embeddable":true,"href":"https:\/\/cepice2m.cz\/index.php\/wp-json\/wp\/v2\/product_brand?post=703"},{"taxonomy":"product_cat","embeddable":true,"href":"https:\/\/cepice2m.cz\/index.php\/wp-json\/wp\/v2\/product_cat?post=703"},{"taxonomy":"product_tag","embeddable":true,"href":"https:\/\/cepice2m.cz\/index.php\/wp-json\/wp\/v2\/product_tag?post=703"}],"curies":[{"name":"wp","href":"https:\/\/api.w.org\/{rel}","templated":true}]}}