{"id":700,"date":"2025-05-18T19:31:22","date_gmt":"2025-05-18T17:31:22","guid":{"rendered":"https:\/\/cepice2m.cz\/?post_type=product&#038;p=700"},"modified":"2025-05-18T19:31:22","modified_gmt":"2025-05-18T17:31:22","slug":"kulich-petrolej-oranzova","status":"publish","type":"product","link":"https:\/\/cepice2m.cz\/index.php\/produkt\/kulich-petrolej-oranzova\/","title":{"rendered":"Kulich petrolej + oran\u017eov\u00e1"},"content":{"rendered":"<p>Materi\u00e1l 80% akryl + 20% vlna + mikrofleece<\/p>\n","protected":false},"excerpt":{"rendered":"<p>Materi\u00e1l 80% akryl + 20% vlna + mikrofleece<\/p>\n","protected":false},"featured_media":699,"template":"","meta":[],"product_brand":[],"product_cat":[20],"product_tag":[],"class_list":{"0":"post-700","1":"product","2":"type-product","3":"status-publish","4":"has-post-thumbnail","6":"product_cat-kulichy","8":"first","9":"instock","10":"shipping-taxable","11":"purchasable","12":"product-type-simple"},"jetpack_sharing_enabled":true,"_links":{"self":[{"href":"https:\/\/cepice2m.cz\/index.php\/wp-json\/wp\/v2\/product\/700","targetHints":{"allow":["GET"]}}],"collection":[{"href":"https:\/\/cepice2m.cz\/index.php\/wp-json\/wp\/v2\/product"}],"about":[{"href":"https:\/\/cepice2m.cz\/index.php\/wp-json\/wp\/v2\/types\/product"}],"wp:featuredmedia":[{"embeddable":true,"href":"https:\/\/cepice2m.cz\/index.php\/wp-json\/wp\/v2\/media\/699"}],"wp:attachment":[{"href":"https:\/\/cepice2m.cz\/index.php\/wp-json\/wp\/v2\/media?parent=700"}],"wp:term":[{"taxonomy":"product_brand","embeddable":true,"href":"https:\/\/cepice2m.cz\/index.php\/wp-json\/wp\/v2\/product_brand?post=700"},{"taxonomy":"product_cat","embeddable":true,"href":"https:\/\/cepice2m.cz\/index.php\/wp-json\/wp\/v2\/product_cat?post=700"},{"taxonomy":"product_tag","embeddable":true,"href":"https:\/\/cepice2m.cz\/index.php\/wp-json\/wp\/v2\/product_tag?post=700"}],"curies":[{"name":"wp","href":"https:\/\/api.w.org\/{rel}","templated":true}]}}