{"id":583,"date":"2025-04-23T20:14:55","date_gmt":"2025-04-23T18:14:55","guid":{"rendered":"https:\/\/cepice2m.cz\/?page_id=583"},"modified":"2025-05-19T08:11:26","modified_gmt":"2025-05-19T06:11:26","slug":"darkovy-poukaz","status":"publish","type":"page","link":"https:\/\/cepice2m.cz\/index.php\/darkovy-poukaz\/","title":{"rendered":"D\u00e1rkov\u00fd poukaz"},"content":{"rendered":"<div class=\"zakazkova-vyroba\">\n    <div class=\"kontakt\">\n        <h3>Darujte radost, kter\u00e1 pot\u011b\u0161\u00ed i zah\u0159eje.<\/h3>\n    <p class=\"popis\">D\u00e1rkov\u00e9 poukazy pro ka\u017edou p\u0159\u00edle\u017eitost! Dejte sv\u00fdm bl\u00edzk\u00fdm mo\u017enost vybrat si, co jim opravdu sedne.<\/p>\n        <p>Kontaktujte n\u00e1s na e-mailu: <span class=\"email\">martina@cepice2m.cz<\/span><\/p>\n        <p>Telefon: <strong>+420 775 283 451<\/strong><\/p>\n    <\/div>\n<\/div>\n\n\n<p><\/p>\n","protected":false},"excerpt":{"rendered":"<p>Darujte radost, kter\u00e1 pot\u011b\u0161\u00ed i zah\u0159eje. D\u00e1rkov\u00e9 poukazy pro ka\u017edou p\u0159\u00edle\u017eitost! Dejte sv\u00fdm bl\u00edzk\u00fdm mo\u017enost vybrat si, co jim opravdu sedne. Kontaktujte n\u00e1s na e-mailu: martina@cepice2m.cz Telefon: +420 775 283 451<\/p>\n","protected":false},"author":1,"featured_media":0,"parent":0,"menu_order":0,"comment_status":"closed","ping_status":"closed","template":"","meta":{"footnotes":""},"class_list":["post-583","page","type-page","status-publish","hentry"],"jetpack_sharing_enabled":true,"_links":{"self":[{"href":"https:\/\/cepice2m.cz\/index.php\/wp-json\/wp\/v2\/pages\/583","targetHints":{"allow":["GET"]}}],"collection":[{"href":"https:\/\/cepice2m.cz\/index.php\/wp-json\/wp\/v2\/pages"}],"about":[{"href":"https:\/\/cepice2m.cz\/index.php\/wp-json\/wp\/v2\/types\/page"}],"author":[{"embeddable":true,"href":"https:\/\/cepice2m.cz\/index.php\/wp-json\/wp\/v2\/users\/1"}],"replies":[{"embeddable":true,"href":"https:\/\/cepice2m.cz\/index.php\/wp-json\/wp\/v2\/comments?post=583"}],"version-history":[{"count":3,"href":"https:\/\/cepice2m.cz\/index.php\/wp-json\/wp\/v2\/pages\/583\/revisions"}],"predecessor-version":[{"id":727,"href":"https:\/\/cepice2m.cz\/index.php\/wp-json\/wp\/v2\/pages\/583\/revisions\/727"}],"wp:attachment":[{"href":"https:\/\/cepice2m.cz\/index.php\/wp-json\/wp\/v2\/media?parent=583"}],"curies":[{"name":"wp","href":"https:\/\/api.w.org\/{rel}","templated":true}]}}