{"id":252,"date":"2024-11-08T21:19:53","date_gmt":"2024-11-08T20:19:53","guid":{"rendered":"http:\/\/localhost\/?page_id=252"},"modified":"2025-05-19T18:14:22","modified_gmt":"2025-05-19T16:14:22","slug":"zakazkova-vyroba","status":"publish","type":"page","link":"https:\/\/cepice2m.cz\/index.php\/zakazkova-vyroba\/","title":{"rendered":"Zak\u00e1zkov\u00e1 v\u00fdroba pro firmy a kluby"},"content":{"rendered":"\n<div style=\"height:36px\" aria-hidden=\"true\" class=\"wp-block-spacer\"><\/div>\n\n\n\n<h3 class=\"wp-block-heading has-text-align-center\">Na\u0161e tvorba<\/h3>\n\n\n\n<figure class=\"wp-block-gallery has-nested-images columns-default is-cropped wp-block-gallery-2 is-layout-flex wp-block-gallery-is-layout-flex\">\n<figure class=\"wp-block-image size-large is-style-rounded wp-duotone-duotone-2 is-style-rounded--1\"><img loading=\"lazy\" decoding=\"async\" width=\"1000\" height=\"1000\" data-id=\"669\" src=\"https:\/\/cepice2m.cz\/wp-content\/uploads\/2025\/05\/20240207_174951.jpg\" alt=\"\" class=\"wp-image-669\" srcset=\"https:\/\/cepice2m.cz\/wp-content\/uploads\/2025\/05\/20240207_174951.jpg 1000w, https:\/\/cepice2m.cz\/wp-content\/uploads\/2025\/05\/20240207_174951-300x300.jpg 300w, https:\/\/cepice2m.cz\/wp-content\/uploads\/2025\/05\/20240207_174951-150x150.jpg 150w, https:\/\/cepice2m.cz\/wp-content\/uploads\/2025\/05\/20240207_174951-768x768.jpg 768w, https:\/\/cepice2m.cz\/wp-content\/uploads\/2025\/05\/20240207_174951-600x600.jpg 600w, https:\/\/cepice2m.cz\/wp-content\/uploads\/2025\/05\/20240207_174951-100x100.jpg 100w\" sizes=\"auto, (max-width: 1000px) 100vw, 1000px\" \/><figcaption class=\"wp-element-caption\">firma Almiro<\/figcaption><\/figure>\n<\/figure>\n\n\n\n<figure class=\"wp-block-gallery has-nested-images columns-default is-cropped wp-block-gallery-7 is-layout-flex wp-block-gallery-is-layout-flex\">\n<figure class=\"wp-block-image size-large is-style-rounded wp-duotone-duotone-2 is-style-rounded--3\"><img loading=\"lazy\" decoding=\"async\" width=\"1024\" height=\"768\" data-id=\"654\" src=\"https:\/\/cepice2m.cz\/wp-content\/uploads\/2025\/05\/IMG-20190212-WA0000-1024x768.jpg\" alt=\"Skiare\u00e1l My\u0161\u00e1k\" class=\"wp-image-654\" srcset=\"https:\/\/cepice2m.cz\/wp-content\/uploads\/2025\/05\/IMG-20190212-WA0000-1024x768.jpg 1024w, https:\/\/cepice2m.cz\/wp-content\/uploads\/2025\/05\/IMG-20190212-WA0000-300x225.jpg 300w, https:\/\/cepice2m.cz\/wp-content\/uploads\/2025\/05\/IMG-20190212-WA0000-768x576.jpg 768w, https:\/\/cepice2m.cz\/wp-content\/uploads\/2025\/05\/IMG-20190212-WA0000-600x450.jpg 600w, https:\/\/cepice2m.cz\/wp-content\/uploads\/2025\/05\/IMG-20190212-WA0000.jpg 1296w\" sizes=\"auto, (max-width: 1024px) 100vw, 1024px\" \/><figcaption class=\"wp-element-caption\">Ski are\u00e1l My\u0161\u00e1k<\/figcaption><\/figure>\n\n\n\n<figure class=\"wp-block-image size-large is-style-rounded wp-duotone-duotone-2 is-style-rounded--4\"><img loading=\"lazy\" decoding=\"async\" width=\"768\" height=\"1024\" data-id=\"656\" src=\"https:\/\/cepice2m.cz\/wp-content\/uploads\/2025\/05\/482023157_9220268311354697_1634572740233253224_n-768x1024.jpg\" alt=\"Hospoda u Ost\u0159\u00ed\u017eka \" class=\"wp-image-656\" srcset=\"https:\/\/cepice2m.cz\/wp-content\/uploads\/2025\/05\/482023157_9220268311354697_1634572740233253224_n-768x1024.jpg 768w, https:\/\/cepice2m.cz\/wp-content\/uploads\/2025\/05\/482023157_9220268311354697_1634572740233253224_n-225x300.jpg 225w, https:\/\/cepice2m.cz\/wp-content\/uploads\/2025\/05\/482023157_9220268311354697_1634572740233253224_n-1152x1536.jpg 1152w, https:\/\/cepice2m.cz\/wp-content\/uploads\/2025\/05\/482023157_9220268311354697_1634572740233253224_n-600x800.jpg 600w, https:\/\/cepice2m.cz\/wp-content\/uploads\/2025\/05\/482023157_9220268311354697_1634572740233253224_n.jpg 1170w\" sizes=\"auto, (max-width: 768px) 100vw, 768px\" \/><figcaption class=\"wp-element-caption\">Hospoda u Ost\u0159\u00ed\u017eka <\/figcaption><\/figure>\n\n\n\n<figure class=\"wp-block-image size-large is-style-rounded wp-duotone-duotone-2 is-style-rounded--5\"><img loading=\"lazy\" decoding=\"async\" width=\"1024\" height=\"805\" data-id=\"662\" src=\"https:\/\/cepice2m.cz\/wp-content\/uploads\/2025\/05\/30c78d02-25f9-4e49-9b60-6041ab8a5a5e-1024x805.jpeg\" alt=\"Z\u00e1kladn\u00ed \u0161kola Mal\u00e1 Mor\u00e1vka\" class=\"wp-image-662\" srcset=\"https:\/\/cepice2m.cz\/wp-content\/uploads\/2025\/05\/30c78d02-25f9-4e49-9b60-6041ab8a5a5e-1024x805.jpeg 1024w, https:\/\/cepice2m.cz\/wp-content\/uploads\/2025\/05\/30c78d02-25f9-4e49-9b60-6041ab8a5a5e-300x236.jpeg 300w, https:\/\/cepice2m.cz\/wp-content\/uploads\/2025\/05\/30c78d02-25f9-4e49-9b60-6041ab8a5a5e-768x604.jpeg 768w, https:\/\/cepice2m.cz\/wp-content\/uploads\/2025\/05\/30c78d02-25f9-4e49-9b60-6041ab8a5a5e-1536x1208.jpeg 1536w, https:\/\/cepice2m.cz\/wp-content\/uploads\/2025\/05\/30c78d02-25f9-4e49-9b60-6041ab8a5a5e-600x472.jpeg 600w, https:\/\/cepice2m.cz\/wp-content\/uploads\/2025\/05\/30c78d02-25f9-4e49-9b60-6041ab8a5a5e.jpeg 2048w\" sizes=\"auto, (max-width: 1024px) 100vw, 1024px\" \/><figcaption class=\"wp-element-caption\">Z\u00e1kladn\u00ed \u0161kola Mal\u00e1 Mor\u00e1vka <\/figcaption><\/figure>\n\n\n\n<figure class=\"wp-block-image size-full is-style-rounded wp-duotone-duotone-2 is-style-rounded--6\"><img loading=\"lazy\" decoding=\"async\" width=\"960\" height=\"720\" data-id=\"653\" src=\"https:\/\/cepice2m.cz\/wp-content\/uploads\/2025\/05\/FB_IMG_1516718835413.jpg\" alt=\"Ly\u017ea\u0159sk\u00e1 \u0161kola Kop\u0159ivn\u00e1\" class=\"wp-image-653\" srcset=\"https:\/\/cepice2m.cz\/wp-content\/uploads\/2025\/05\/FB_IMG_1516718835413.jpg 960w, https:\/\/cepice2m.cz\/wp-content\/uploads\/2025\/05\/FB_IMG_1516718835413-300x225.jpg 300w, https:\/\/cepice2m.cz\/wp-content\/uploads\/2025\/05\/FB_IMG_1516718835413-768x576.jpg 768w, https:\/\/cepice2m.cz\/wp-content\/uploads\/2025\/05\/FB_IMG_1516718835413-600x450.jpg 600w\" sizes=\"auto, (max-width: 960px) 100vw, 960px\" \/><figcaption class=\"wp-element-caption\">Ly\u017ea\u0159sk\u00e1 \u0161kola Kop\u0159ivn\u00e1 <\/figcaption><\/figure>\n<\/figure>\n\n\n<div class=\"zakazkova-vyroba\">\n<div class=\"kontakt\">\n<h3>M\u00e1te z\u00e1jem o na\u0161e slu\u017eby?<\/h3>\n<p class=\"popis\">Dle Va\u0161eho n\u00e1vrhu zajist\u00edme v\u00fdrobu n\u00e1\u0161ivek a vyrob\u00edme klubov\u00e9 \u010depice nebo \u010delenky.<\/p>\n<p>Kontaktujte n\u00e1s na e-mailu: <span class=\"email\">martina@cepice2m.cz<\/span><\/p>\n<p>Telefon: <strong>+420 775 283 451<\/strong><\/p>\n<\/div>\n<\/div>","protected":false},"excerpt":{"rendered":"<p>Na\u0161e tvorba M\u00e1te z\u00e1jem o na\u0161e slu\u017eby? Dle Va\u0161eho n\u00e1vrhu zajist\u00edme v\u00fdrobu n\u00e1\u0161ivek a vyrob\u00edme klubov\u00e9 \u010depice nebo \u010delenky. Kontaktujte n\u00e1s na e-mailu: martina@cepice2m.cz Telefon: +420 775 283 451<\/p>\n","protected":false},"author":1,"featured_media":0,"parent":0,"menu_order":0,"comment_status":"closed","ping_status":"closed","template":"","meta":{"footnotes":""},"class_list":["post-252","page","type-page","status-publish","hentry"],"jetpack_sharing_enabled":true,"_links":{"self":[{"href":"https:\/\/cepice2m.cz\/index.php\/wp-json\/wp\/v2\/pages\/252","targetHints":{"allow":["GET"]}}],"collection":[{"href":"https:\/\/cepice2m.cz\/index.php\/wp-json\/wp\/v2\/pages"}],"about":[{"href":"https:\/\/cepice2m.cz\/index.php\/wp-json\/wp\/v2\/types\/page"}],"author":[{"embeddable":true,"href":"https:\/\/cepice2m.cz\/index.php\/wp-json\/wp\/v2\/users\/1"}],"replies":[{"embeddable":true,"href":"https:\/\/cepice2m.cz\/index.php\/wp-json\/wp\/v2\/comments?post=252"}],"version-history":[{"count":10,"href":"https:\/\/cepice2m.cz\/index.php\/wp-json\/wp\/v2\/pages\/252\/revisions"}],"predecessor-version":[{"id":789,"href":"https:\/\/cepice2m.cz\/index.php\/wp-json\/wp\/v2\/pages\/252\/revisions\/789"}],"wp:attachment":[{"href":"https:\/\/cepice2m.cz\/index.php\/wp-json\/wp\/v2\/media?parent=252"}],"curies":[{"name":"wp","href":"https:\/\/api.w.org\/{rel}","templated":true}]}}