{"id":158,"date":"2025-01-17T18:09:24","date_gmt":"2025-01-17T17:09:24","guid":{"rendered":"http:\/\/localhost\/?page_id=158"},"modified":"2025-05-22T09:07:08","modified_gmt":"2025-05-22T07:07:08","slug":"kontakt","status":"publish","type":"page","link":"https:\/\/cepice2m.cz\/index.php\/kontakt\/","title":{"rendered":"Kontakt"},"content":{"rendered":"\n<div class=\"wp-block-columns is-layout-flex wp-container-core-columns-is-layout-28f84493 wp-block-columns-is-layout-flex\">\n<div class=\"wp-block-column is-layout-flow wp-block-column-is-layout-flow\">\n<h3 class=\"wp-block-heading\">Martina Lex Krej\u010d\u00ed <\/h3>\n\n\n\n<p>martina@cepice2m.cz<br>+420 775 283 451<\/p>\n<\/div>\n\n\n\n<div class=\"wp-block-column is-layout-flow wp-block-column-is-layout-flow\">\n<h3 class=\"wp-block-heading has-text-align-right\">Jana Sonntagov\u00e1 <\/h3>\n\n\n\n<p class=\"has-text-align-right\">jana@cepice2m.cz<br>+420 604 124 320<\/p>\n<\/div>\n<\/div>\n\n\n<div style=\"text-align:center;\">\n  <iframe loading=\"lazy\"\n    style=\"border:none\"\n    src=\"https:\/\/mapy.cz\/s\/punebupego\"\n    width=\"500\"\n    height=\"500\"\n    frameborder=\"0\"><br \/>\n  <\/iframe>\n<\/div>","protected":false},"excerpt":{"rendered":"<p>Martina Lex Krej\u010d\u00ed martina@cepice2m.cz+420 775 283 451 Jana Sonntagov\u00e1 jana@cepice2m.cz+420 604 124 320<\/p>\n","protected":false},"author":1,"featured_media":0,"parent":0,"menu_order":0,"comment_status":"closed","ping_status":"closed","template":"","meta":{"footnotes":""},"class_list":["post-158","page","type-page","status-publish","hentry"],"jetpack_sharing_enabled":true,"_links":{"self":[{"href":"https:\/\/cepice2m.cz\/index.php\/wp-json\/wp\/v2\/pages\/158","targetHints":{"allow":["GET"]}}],"collection":[{"href":"https:\/\/cepice2m.cz\/index.php\/wp-json\/wp\/v2\/pages"}],"about":[{"href":"https:\/\/cepice2m.cz\/index.php\/wp-json\/wp\/v2\/types\/page"}],"author":[{"embeddable":true,"href":"https:\/\/cepice2m.cz\/index.php\/wp-json\/wp\/v2\/users\/1"}],"replies":[{"embeddable":true,"href":"https:\/\/cepice2m.cz\/index.php\/wp-json\/wp\/v2\/comments?post=158"}],"version-history":[{"count":8,"href":"https:\/\/cepice2m.cz\/index.php\/wp-json\/wp\/v2\/pages\/158\/revisions"}],"predecessor-version":[{"id":824,"href":"https:\/\/cepice2m.cz\/index.php\/wp-json\/wp\/v2\/pages\/158\/revisions\/824"}],"wp:attachment":[{"href":"https:\/\/cepice2m.cz\/index.php\/wp-json\/wp\/v2\/media?parent=158"}],"curies":[{"name":"wp","href":"https:\/\/api.w.org\/{rel}","templated":true}]}}